{"id":304,"date":"2024-11-25T16:56:34","date_gmt":"2024-11-25T15:56:34","guid":{"rendered":"https:\/\/admjc38.org\/?page_id=304"},"modified":"2026-03-26T14:35:55","modified_gmt":"2026-03-26T13:35:55","slug":"mjc-de-france","status":"publish","type":"page","link":"https:\/\/admjc38.org\/index.php\/mjc-de-france\/","title":{"rendered":"MJC de France"},"content":{"rendered":"\t\t<div data-elementor-type=\"wp-page\" data-elementor-id=\"304\" class=\"elementor elementor-304\" data-elementor-post-type=\"page\">\n\t\t\t\t<div class=\"elementor-element elementor-element-16d305a e-flex e-con-boxed e-con e-parent\" data-id=\"16d305a\" data-element_type=\"container\">\n\t\t\t\t\t<div class=\"e-con-inner\">\n\t\t\t\t<div class=\"elementor-element elementor-element-ea7ee9c elementor-widget elementor-widget-heading\" data-id=\"ea7ee9c\" data-element_type=\"widget\" data-widget_type=\"heading.default\">\n\t\t\t\t<div class=\"elementor-widget-container\">\n\t\t\t<h3 class=\"elementor-heading-title elementor-size-default\">MJC de France<\/h3>\t\t<\/div>\n\t\t\t\t<\/div>\n\t\t\t\t\t<\/div>\n\t\t\t\t<\/div>\n\t\t<div class=\"elementor-element elementor-element-7f66717 e-flex e-con-boxed e-con e-parent\" data-id=\"7f66717\" data-element_type=\"container\">\n\t\t\t\t\t<div class=\"e-con-inner\">\n\t\t\t\t<div class=\"elementor-element elementor-element-debcc9a elementor-widget elementor-widget-image\" data-id=\"debcc9a\" data-element_type=\"widget\" data-widget_type=\"image.default\">\n\t\t\t\t<div class=\"elementor-widget-container\">\n\t\t\t\t\t\t\t\t\t\t\t\t\t<img fetchpriority=\"high\" decoding=\"async\" width=\"768\" height=\"374\" src=\"https:\/\/admjc38.org\/wp-content\/uploads\/2024\/11\/mjc-de-france-1024x499-1-768x374.jpg\" class=\"attachment-medium_large size-medium_large wp-image-322\" alt=\"\" srcset=\"https:\/\/admjc38.org\/wp-content\/uploads\/2024\/11\/mjc-de-france-1024x499-1-768x374.jpg 768w, https:\/\/admjc38.org\/wp-content\/uploads\/2024\/11\/mjc-de-france-1024x499-1-300x146.jpg 300w, https:\/\/admjc38.org\/wp-content\/uploads\/2024\/11\/mjc-de-france-1024x499-1-1000x487.jpg 1000w, https:\/\/admjc38.org\/wp-content\/uploads\/2024\/11\/mjc-de-france-1024x499-1-230x112.jpg 230w, https:\/\/admjc38.org\/wp-content\/uploads\/2024\/11\/mjc-de-france-1024x499-1-350x171.jpg 350w, https:\/\/admjc38.org\/wp-content\/uploads\/2024\/11\/mjc-de-france-1024x499-1-480x234.jpg 480w, https:\/\/admjc38.org\/wp-content\/uploads\/2024\/11\/mjc-de-france-1024x499-1.jpg 1024w\" sizes=\"(max-width: 768px) 100vw, 768px\" \/>\t\t\t\t\t\t\t\t\t\t\t\t\t<\/div>\n\t\t\t\t<\/div>\n\t\t\t\t<div class=\"elementor-element elementor-element-ba591d4 elementor-widget elementor-widget-heading\" data-id=\"ba591d4\" data-element_type=\"widget\" data-widget_type=\"heading.default\">\n\t\t\t\t<div class=\"elementor-widget-container\">\n\t\t\t<h5 class=\"elementor-heading-title elementor-size-default\">Un r\u00e9seau pour co-construire des projets locaux au service de l\u2019int\u00e9r\u00eat g\u00e9n\u00e9ral<\/h5>\t\t<\/div>\n\t\t\t\t<\/div>\n\t\t\t\t<div class=\"elementor-element elementor-element-5f58ae9 elementor-widget elementor-widget-text-editor\" data-id=\"5f58ae9\" data-element_type=\"widget\" data-widget_type=\"text-editor.default\">\n\t\t\t\t<div class=\"elementor-widget-container\">\n\t\t\t\t\t\t\t<p>Aujourd\u2019hui les MJC cultivent en commun des originalit\u00e9s de fonctionnement d\u00e9mocratique, de professionnalisme engag\u00e9 et de partenariats publics. Elles forment un \u00e9l\u00e9ment essentiel de la vie sociale, culturelle et \u00e9conomique d\u2019un territoire de vie. Elles relient ainsi quotidiennement les citoyens \u00e0 \u00ab la chose publique \u00bb.<br \/>Pour cela, elles associent des citoyens, des citoyennes volontaires et des \u00e9lus et \u00e9lues territoriaux pour administrer et animer un projet local de \u00ab vivre ensemble \u00bb, et s\u2019appuient sur des professionnels et des professionnelles engag\u00e9s pour accompagner et mettre en \u0153uvre les actions. Elles promeuvent la co-construction des politiques publiques et elles y participent en tant que partenaires dans le respect de leurs valeurs.<br \/>Elles d\u00e9fendent un d\u00e9veloppement humain respectueux de l\u2019environnement et attentif aux besoins des g\u00e9n\u00e9rations futures.<br \/>Elles affirment leur attachement au travail en r\u00e9seau, \u00e0 la d\u00e9finition en commun des grandes orientations par les \u00e9lus et les \u00e9lues b\u00e9n\u00e9voles et les professionnelles et les professionnels et au respect de l\u2019autonomie de chaque \u00e9chelon.<br \/>Depuis le 30 avril 2022, les 1000 MJC de France sont regroup\u00e9es au sein d\u2019un seul r\u00e9seau national, MJC de France, conf\u00e9d\u00e9ration constitu\u00e9e d\u2019entit\u00e9s r\u00e9gionales.<br \/>Nos engagements<\/p>\t\t\t\t\t\t<\/div>\n\t\t\t\t<\/div>\n\t\t\t\t<div class=\"elementor-element elementor-element-b2aee50 elementor-widget elementor-widget-heading\" data-id=\"b2aee50\" data-element_type=\"widget\" data-widget_type=\"heading.default\">\n\t\t\t\t<div class=\"elementor-widget-container\">\n\t\t\t<h5 class=\"elementor-heading-title elementor-size-default\">Nos engagements<\/h5>\t\t<\/div>\n\t\t\t\t<\/div>\n\t\t\t\t<div class=\"elementor-element elementor-element-07825c9 elementor-widget elementor-widget-text-editor\" data-id=\"07825c9\" data-element_type=\"widget\" data-widget_type=\"text-editor.default\">\n\t\t\t\t<div class=\"elementor-widget-container\">\n\t\t\t\t\t\t\t<ul><li>\u00a0<strong>Favoriser<\/strong> l\u2019autonomie, l\u2019\u00e9mancipation, l\u2019\u00e9panouissement et la prise de responsabilit\u00e9s des personnes pour participer \u00e0 la construction d\u2019une soci\u00e9t\u00e9 plus solidaire par l\u2019\u00e9ducation et la culture,<\/li><li><strong>Viser<\/strong> \u00e0 ce que toutes et tous deviennent des citoyennes et des citoyens actifs et responsables d\u2019une communaut\u00e9 vivante,<\/li><li><strong>Promouvoir<\/strong> les initiatives et actions avec et pour les jeunes,<\/li><li><strong>Animer<\/strong> des lieux d\u2019exp\u00e9rimentation, d\u2019innovations sociales et de pratiques citoyennes propres \u00e0 faire vivre les valeurs de la R\u00e9publique,<\/li><li><strong>Respecter<\/strong> le pluralisme des id\u00e9es sans attache \u00e0 un parti, un mouvement politique ou syndical, une confession,<\/li><li><strong>Garantir<\/strong> le principe de la\u00efcit\u00e9,<\/li><li><strong>Encourager<\/strong> le dialogue et le d\u00e9bat dans le respect des convictions personnelles,<\/li><li><strong>Agir<\/strong> pour la reconnaissance et la promotion des droits culturels des personnes,<\/li><li><strong>Lutter<\/strong> contre toute forme de discrimination.<\/li><\/ul>\t\t\t\t\t\t<\/div>\n\t\t\t\t<\/div>\n\t\t\t\t<div class=\"elementor-element elementor-element-281a03d elementor-widget elementor-widget-heading\" data-id=\"281a03d\" data-element_type=\"widget\" data-widget_type=\"heading.default\">\n\t\t\t\t<div class=\"elementor-widget-container\">\n\t\t\t<h5 class=\"elementor-heading-title elementor-size-default\">Marque de fabrique jeunesse des MJC<\/h5>\t\t<\/div>\n\t\t\t\t<\/div>\n\t\t\t\t<div class=\"elementor-element elementor-element-8aa21c8 elementor-widget elementor-widget-text-editor\" data-id=\"8aa21c8\" data-element_type=\"widget\" data-widget_type=\"text-editor.default\">\n\t\t\t\t<div class=\"elementor-widget-container\">\n\t\t\t\t\t\t\t<p>Les MJC proposent des espaces de d\u00e9couverte, de co-construction, d\u2019expression, d\u2019exp\u00e9rimentations par l\u2019\u00e9ducation, la culture et le sport..<br \/>Les actions jeunesse des MJC b\u00e9n\u00e9ficient \u00e0 2 millions de personnes de moins de 26 ans. Elles visent \u00e0 accro\u00eetre l\u2019autonomie des jeunes et d\u00e9velopper progressivement la construction de leur citoyennet\u00e9.<br \/>L\u2019attachement \u00e0 la R\u00e9publique et \u00e0 la citoyennet\u00e9 s\u2019y construit au quotidien, via des actions concr\u00e8tes et par un ensemble d\u2019exp\u00e9riences sensibles v\u00e9cues tout au long de la vie, dans une vis\u00e9e \u00e9mancipatrice.<br \/>Pour cela, les MJC accordent un int\u00e9r\u00eat \u00e9ducatif \u00e0 la gestion des interactions entre les jeunes, les dynamiques collectives, mais \u00e9galement entre jeunes et adultes. Elles placent l\u2019exp\u00e9rimentation et la participation directe des jeunes \u00e0 la construction des projets qui les concernent, au c\u0153ur de leurs pratiques.<br \/>Cette dynamique jeunesse implique une volont\u00e9 collective des partenaires dans une relation de confiance r\u00e9ciproque.<\/p>\t\t\t\t\t\t<\/div>\n\t\t\t\t<\/div>\n\t\t\t\t<div class=\"elementor-element elementor-element-47b0c7a elementor-widget elementor-widget-button\" data-id=\"47b0c7a\" data-element_type=\"widget\" data-widget_type=\"button.default\">\n\t\t\t\t<div class=\"elementor-widget-container\">\n\t\t\t\t\t\t\t<div class=\"elementor-button-wrapper\">\n\t\t\t\t\t<a class=\"elementor-button elementor-button-link elementor-size-sm\" href=\"http:\/\/admjc38.org\/wp-content\/uploads\/2024\/11\/MARQUE-DE-FABRIQUE.pdf\">\n\t\t\t\t\t\t<span class=\"elementor-button-content-wrapper\">\n\t\t\t\t\t\t\t\t\t<span class=\"elementor-button-text\">T\u00e9l\u00e9charger le texte<\/span>\n\t\t\t\t\t<\/span>\n\t\t\t\t\t<\/a>\n\t\t\t\t<\/div>\n\t\t\t\t\t\t<\/div>\n\t\t\t\t<\/div>\n\t\t\t\t<div class=\"elementor-element elementor-element-d3610de elementor-widget elementor-widget-text-editor\" data-id=\"d3610de\" data-element_type=\"widget\" data-widget_type=\"text-editor.default\">\n\t\t\t\t<div class=\"elementor-widget-container\">\n\t\t\t\t\t\t\t<h5>La charte des MJC en transition<\/h5>\t\t\t\t\t\t<\/div>\n\t\t\t\t<\/div>\n\t\t\t\t<div class=\"elementor-element elementor-element-c1071ee elementor-widget elementor-widget-text-editor\" data-id=\"c1071ee\" data-element_type=\"widget\" data-widget_type=\"text-editor.default\">\n\t\t\t\t<div class=\"elementor-widget-container\">\n\t\t\t\t\t\t\t<p>L\u2019objectif de la charte des MJC en transition est de construire une strat\u00e9gie pour la transition \u00e9cologique dans les MJC qui repose sur trois piliers :<\/p>\t\t\t\t\t\t<\/div>\n\t\t\t\t<\/div>\n\t\t\t\t<div class=\"elementor-element elementor-element-c1f658b elementor-widget elementor-widget-text-editor\" data-id=\"c1f658b\" data-element_type=\"widget\" data-widget_type=\"text-editor.default\">\n\t\t\t\t<div class=\"elementor-widget-container\">\n\t\t\t\t\t\t\t<ul><li>Agir collectivement pour att\u00e9nuer les impacts environnementaux directs et indirects des structures, aller vers leur adaptation au changement climatique, et jouer un r\u00f4le positif sur les territoires sur ces enjeux ;<\/li><li>Engager, f\u00e9d\u00e9rer et outiller le r\u00e9seau dans une d\u00e9marche de transitions \u00e9cologique et sociale ;<\/li><li>Valoriser les actions du r\u00e9seau aupr\u00e8s des parties prenantes et \u00eatre identifi\u00e9 comme un acteur l\u00e9gitime sur ces sujets ;<\/li><\/ul>\t\t\t\t\t\t<\/div>\n\t\t\t\t<\/div>\n\t\t\t\t<div class=\"elementor-element elementor-element-f9cc53e elementor-widget elementor-widget-text-editor\" data-id=\"f9cc53e\" data-element_type=\"widget\" data-widget_type=\"text-editor.default\">\n\t\t\t\t<div class=\"elementor-widget-container\">\n\t\t\t\t\t\t\t<p>La strat\u00e9gie r\u00e9fl\u00e9chie s\u2019articulera avec la cr\u00e9ation d\u2019un parcours d\u2019engagement incitant les structures \u00e0 agir sur 3 volets pour :<\/p>\t\t\t\t\t\t<\/div>\n\t\t\t\t<\/div>\n\t\t\t\t<div class=\"elementor-element elementor-element-3390dd4 elementor-widget elementor-widget-text-editor\" data-id=\"3390dd4\" data-element_type=\"widget\" data-widget_type=\"text-editor.default\">\n\t\t\t\t<div class=\"elementor-widget-container\">\n\t\t\t\t\t\t\t<ul><li>Am\u00e9liorer leurs pratiques (att\u00e9nuer les impacts directs et indirects des structures, et les adapter au changement climatique) ;<\/li><li>Mobiliser les acteurs de la soci\u00e9t\u00e9 (sensibiliser les publics, favoriser la transmission des savoirs et savoir-faire) ;<\/li><li>Coop\u00e9rer sur les territoires (participer au d\u00e9veloppement et \u00e0 l\u2019\u00e9conomie, exp\u00e9rimenter des mod\u00e8les, favoriser l\u2019insertion, participer \u00e0 la co-construction des politiques publiques).<\/li><\/ul><p>Le changement climatique, et la transition \u00e9cologique ne sont pas des opinions. Elles exigent de tous une prise de conscience, et d\u2019agir.<\/p>\t\t\t\t\t\t<\/div>\n\t\t\t\t<\/div>\n\t\t\t\t<div class=\"elementor-element elementor-element-5c7c6cc elementor-widget elementor-widget-button\" data-id=\"5c7c6cc\" data-element_type=\"widget\" data-widget_type=\"button.default\">\n\t\t\t\t<div class=\"elementor-widget-container\">\n\t\t\t\t\t\t\t<div class=\"elementor-button-wrapper\">\n\t\t\t\t\t<a class=\"elementor-button elementor-button-link elementor-size-sm\" href=\"http:\/\/admjc38.org\/wp-content\/uploads\/2024\/11\/CHARTE-DES-MJC-EN-TRANSITION.pdf\">\n\t\t\t\t\t\t<span class=\"elementor-button-content-wrapper\">\n\t\t\t\t\t\t\t\t\t<span class=\"elementor-button-text\">T\u00e9l\u00e9charger la charte des MJC en transition<\/span>\n\t\t\t\t\t<\/span>\n\t\t\t\t\t<\/a>\n\t\t\t\t<\/div>\n\t\t\t\t\t\t<\/div>\n\t\t\t\t<\/div>\n\t\t\t\t\t<\/div>\n\t\t\t\t<\/div>\n\t\t<div class=\"elementor-element elementor-element-9b29827 e-flex e-con-boxed e-con e-parent\" data-id=\"9b29827\" data-element_type=\"container\">\n\t\t\t\t\t<div class=\"e-con-inner\">\n\t\t\t\t<div class=\"elementor-element elementor-element-a384f4e elementor-widget elementor-widget-text-editor\" data-id=\"a384f4e\" data-element_type=\"widget\" data-widget_type=\"text-editor.default\">\n\t\t\t\t<div class=\"elementor-widget-container\">\n\t\t\t\t\t\t\t<h5>Quelques chiffres sur le r\u00e9seau des MJC :<\/h5>\t\t\t\t\t\t<\/div>\n\t\t\t\t<\/div>\n\t\t\t\t\t<\/div>\n\t\t\t\t<\/div>\n\t\t<div class=\"elementor-element elementor-element-498fa32 e-flex e-con-boxed e-con e-parent\" data-id=\"498fa32\" data-element_type=\"container\" data-settings=\"{&quot;background_background&quot;:&quot;classic&quot;}\">\n\t\t\t\t\t<div class=\"e-con-inner\">\n\t\t<div class=\"elementor-element elementor-element-475dd5b e-grid e-con-boxed e-con e-child\" data-id=\"475dd5b\" data-element_type=\"container\">\n\t\t\t\t\t<div class=\"e-con-inner\">\n\t\t\t\t<div class=\"elementor-element elementor-element-3961dd8 elementor-widget elementor-widget-text-editor\" data-id=\"3961dd8\" data-element_type=\"widget\" data-widget_type=\"text-editor.default\">\n\t\t\t\t<div class=\"elementor-widget-container\">\n\t\t\t\t\t\t\t<p><strong>1000<\/strong> <br \/>associations locales <br \/><strong>1000 <\/strong><br \/>lieux de vie pour approfondir le vivre et le faire ensemble <br \/><strong>1000<\/strong> <br \/>lieux d\u2019exp\u00e9rimentation, d\u2019innovation sociale et de pratiques citoyennes<\/p>\t\t\t\t\t\t<\/div>\n\t\t\t\t<\/div>\n\t\t\t\t<div class=\"elementor-element elementor-element-19653c0 elementor-widget elementor-widget-text-editor\" data-id=\"19653c0\" data-element_type=\"widget\" data-widget_type=\"text-editor.default\">\n\t\t\t\t<div class=\"elementor-widget-container\">\n\t\t\t\t\t\t\t<p><strong>1 MJC sur 2<\/strong> <br \/>en milieu rural <br \/><strong>1 MJC sur 5<\/strong> <br \/>en QPV <br \/><strong>850<\/strong> <br \/>collectivit\u00e9s locales partenaires <br \/>Une organisation en r\u00e9seau au plus proche des territoires avec 16 r\u00e9seaux r\u00e9gionaux<\/p>\t\t\t\t\t\t<\/div>\n\t\t\t\t<\/div>\n\t\t\t\t<div class=\"elementor-element elementor-element-db23152 elementor-widget elementor-widget-text-editor\" data-id=\"db23152\" data-element_type=\"widget\" data-widget_type=\"text-editor.default\">\n\t\t\t\t<div class=\"elementor-widget-container\">\n\t\t\t\t\t\t\t<p><strong>400 000<\/strong> <br \/>adh\u00e9rentes et adh\u00e9rents <br \/><strong>4 millions<\/strong> <br \/>de personnes dont 1 sur 2 a moins de 26 ans, b\u00e9n\u00e9ficient de l\u2019action jeunesse et culturelle des MJC <br \/><strong>43 000<\/strong> b\u00e9n\u00e9voles<br \/><strong>17 500<\/strong> salari\u00e9s<\/p>\t\t\t\t\t\t<\/div>\n\t\t\t\t<\/div>\n\t\t\t\t\t<\/div>\n\t\t\t\t<\/div>\n\t\t\t\t\t<\/div>\n\t\t\t\t<\/div>\n\t\t<div class=\"elementor-element elementor-element-fb4c9aa e-flex e-con-boxed e-con e-parent\" data-id=\"fb4c9aa\" data-element_type=\"container\">\n\t\t\t\t\t<div class=\"e-con-inner\">\n\t\t<div class=\"elementor-element elementor-element-7dbd2b7 e-con-full e-flex e-con e-child\" data-id=\"7dbd2b7\" data-element_type=\"container\">\n\t\t\t\t<div class=\"elementor-element elementor-element-92a6398 elementor-widget elementor-widget-text-editor\" data-id=\"92a6398\" data-element_type=\"widget\" data-widget_type=\"text-editor.default\">\n\t\t\t\t<div class=\"elementor-widget-container\">\n\t\t\t\t\t\t\t<!-- wp:html -->\n<p>\u00a0<\/p>\n<!-- \/wp:html -->\t\t\t\t\t\t<\/div>\n\t\t\t\t<\/div>\n\t\t\t\t<div class=\"elementor-element elementor-element-98dd619 elementor-align-center elementor-widget elementor-widget-button\" data-id=\"98dd619\" data-element_type=\"widget\" data-widget_type=\"button.default\">\n\t\t\t\t<div class=\"elementor-widget-container\">\n\t\t\t\t\t\t\t<div class=\"elementor-button-wrapper\">\n\t\t\t\t\t<a class=\"elementor-button elementor-button-link elementor-size-sm\" href=\"https:\/\/admjc38.org\/index.php\/contact\/\">\n\t\t\t\t\t\t<span class=\"elementor-button-content-wrapper\">\n\t\t\t\t\t\t\t\t\t<span class=\"elementor-button-text\">Nous contacter<\/span>\n\t\t\t\t\t<\/span>\n\t\t\t\t\t<\/a>\n\t\t\t\t<\/div>\n\t\t\t\t\t\t<\/div>\n\t\t\t\t<\/div>\n\t\t\t\t<\/div>\n\t\t\t\t\t<\/div>\n\t\t\t\t<\/div>\n\t\t\t\t<\/div>\n\t\t","protected":false},"excerpt":{"rendered":"<p>MJC de France Un r\u00e9seau pour co-construire des projets locaux au service de l\u2019int\u00e9r\u00eat g\u00e9n\u00e9ral Aujourd\u2019hui les MJC cultivent en commun des [&hellip;]<\/p>\n","protected":false},"author":2,"featured_media":0,"parent":0,"menu_order":0,"comment_status":"closed","ping_status":"closed","template":"","meta":{"footnotes":""},"class_list":["post-304","page","type-page","status-publish","hentry"],"yoast_head":"<!-- This site is optimized with the Yoast SEO plugin v24.8 - https:\/\/yoast.com\/wordpress\/plugins\/seo\/ -->\n<title>MJC de France - AD MJC 38<\/title>\n<meta name=\"description\" content=\"D\u00e9couvrez toutes les MJC de France pr\u00e9sente sur tout le territoire, \u00e9v\u00e9nements, rencontres, projets collectifs et initiatives locales\" \/>\n<meta name=\"robots\" content=\"index, follow, max-snippet:-1, max-image-preview:large, max-video-preview:-1\" \/>\n<link rel=\"canonical\" href=\"https:\/\/admjc38.org\/index.php\/mjc-de-france\/\" \/>\n<meta property=\"og:locale\" content=\"fr_FR\" \/>\n<meta property=\"og:type\" content=\"article\" \/>\n<meta property=\"og:title\" content=\"MJC de France - AD MJC 38\" \/>\n<meta property=\"og:description\" content=\"D\u00e9couvrez toutes les MJC de France pr\u00e9sente sur tout le territoire, \u00e9v\u00e9nements, rencontres, projets collectifs et initiatives locales\" \/>\n<meta property=\"og:url\" content=\"https:\/\/admjc38.org\/index.php\/mjc-de-france\/\" \/>\n<meta property=\"og:site_name\" content=\"AD MJC 38\" \/>\n<meta property=\"article:modified_time\" content=\"2026-03-26T13:35:55+00:00\" \/>\n<meta property=\"og:image\" content=\"https:\/\/admjc38.org\/wp-content\/uploads\/2024\/11\/mjc-de-france-1024x499-1.jpg\" \/>\n\t<meta property=\"og:image:width\" content=\"1024\" \/>\n\t<meta property=\"og:image:height\" content=\"499\" \/>\n\t<meta property=\"og:image:type\" content=\"image\/jpeg\" \/>\n<meta name=\"twitter:card\" content=\"summary_large_image\" \/>\n<meta name=\"twitter:label1\" content=\"Dur\u00e9e de lecture estim\u00e9e\" \/>\n\t<meta name=\"twitter:data1\" content=\"5 minutes\" \/>\n<script type=\"application\/ld+json\" class=\"yoast-schema-graph\">{\"@context\":\"https:\/\/schema.org\",\"@graph\":[{\"@type\":\"WebPage\",\"@id\":\"https:\/\/admjc38.org\/index.php\/mjc-de-france\/\",\"url\":\"https:\/\/admjc38.org\/index.php\/mjc-de-france\/\",\"name\":\"MJC de France - AD MJC 38\",\"isPartOf\":{\"@id\":\"https:\/\/admjc38.org\/#website\"},\"primaryImageOfPage\":{\"@id\":\"https:\/\/admjc38.org\/index.php\/mjc-de-france\/#primaryimage\"},\"image\":{\"@id\":\"https:\/\/admjc38.org\/index.php\/mjc-de-france\/#primaryimage\"},\"thumbnailUrl\":\"http:\/\/admjc38.org\/wp-content\/uploads\/2024\/11\/mjc-de-france-1024x499-1-768x374.jpg\",\"datePublished\":\"2024-11-25T15:56:34+00:00\",\"dateModified\":\"2026-03-26T13:35:55+00:00\",\"description\":\"D\u00e9couvrez toutes les MJC de France pr\u00e9sente sur tout le territoire, \u00e9v\u00e9nements, rencontres, projets collectifs et initiatives locales\",\"breadcrumb\":{\"@id\":\"https:\/\/admjc38.org\/index.php\/mjc-de-france\/#breadcrumb\"},\"inLanguage\":\"fr-FR\",\"potentialAction\":[{\"@type\":\"ReadAction\",\"target\":[\"https:\/\/admjc38.org\/index.php\/mjc-de-france\/\"]}]},{\"@type\":\"ImageObject\",\"inLanguage\":\"fr-FR\",\"@id\":\"https:\/\/admjc38.org\/index.php\/mjc-de-france\/#primaryimage\",\"url\":\"http:\/\/admjc38.org\/wp-content\/uploads\/2024\/11\/mjc-de-france-1024x499-1-768x374.jpg\",\"contentUrl\":\"http:\/\/admjc38.org\/wp-content\/uploads\/2024\/11\/mjc-de-france-1024x499-1-768x374.jpg\"},{\"@type\":\"BreadcrumbList\",\"@id\":\"https:\/\/admjc38.org\/index.php\/mjc-de-france\/#breadcrumb\",\"itemListElement\":[{\"@type\":\"ListItem\",\"position\":1,\"name\":\"Accueil\",\"item\":\"https:\/\/admjc38.org\/\"},{\"@type\":\"ListItem\",\"position\":2,\"name\":\"MJC de France\"}]},{\"@type\":\"WebSite\",\"@id\":\"https:\/\/admjc38.org\/#website\",\"url\":\"https:\/\/admjc38.org\/\",\"name\":\"AD MJC 38\",\"description\":\"Le site des Maisons des Jeunes et de la Culture de l\u2019Is\u00e8re\u00a0\",\"publisher\":{\"@id\":\"https:\/\/admjc38.org\/#organization\"},\"potentialAction\":[{\"@type\":\"SearchAction\",\"target\":{\"@type\":\"EntryPoint\",\"urlTemplate\":\"https:\/\/admjc38.org\/?s={search_term_string}\"},\"query-input\":{\"@type\":\"PropertyValueSpecification\",\"valueRequired\":true,\"valueName\":\"search_term_string\"}}],\"inLanguage\":\"fr-FR\"},{\"@type\":\"Organization\",\"@id\":\"https:\/\/admjc38.org\/#organization\",\"name\":\"Association D\u00e9partementale des Maisons des Jeunes et de la Culture de l'Is\u00e8re\",\"url\":\"https:\/\/admjc38.org\/\",\"logo\":{\"@type\":\"ImageObject\",\"inLanguage\":\"fr-FR\",\"@id\":\"https:\/\/admjc38.org\/#\/schema\/logo\/image\/\",\"url\":\"https:\/\/admjc38.org\/wp-content\/uploads\/2024\/01\/Logo-AD-MJC-38.png\",\"contentUrl\":\"https:\/\/admjc38.org\/wp-content\/uploads\/2024\/01\/Logo-AD-MJC-38.png\",\"width\":441,\"height\":701,\"caption\":\"Association D\u00e9partementale des Maisons des Jeunes et de la Culture de l'Is\u00e8re\"},\"image\":{\"@id\":\"https:\/\/admjc38.org\/#\/schema\/logo\/image\/\"}}]}<\/script>\n<!-- \/ Yoast SEO plugin. -->","yoast_head_json":{"title":"MJC de France - AD MJC 38","description":"D\u00e9couvrez toutes les MJC de France pr\u00e9sente sur tout le territoire, \u00e9v\u00e9nements, rencontres, projets collectifs et initiatives locales","robots":{"index":"index","follow":"follow","max-snippet":"max-snippet:-1","max-image-preview":"max-image-preview:large","max-video-preview":"max-video-preview:-1"},"canonical":"https:\/\/admjc38.org\/index.php\/mjc-de-france\/","og_locale":"fr_FR","og_type":"article","og_title":"MJC de France - AD MJC 38","og_description":"D\u00e9couvrez toutes les MJC de France pr\u00e9sente sur tout le territoire, \u00e9v\u00e9nements, rencontres, projets collectifs et initiatives locales","og_url":"https:\/\/admjc38.org\/index.php\/mjc-de-france\/","og_site_name":"AD MJC 38","article_modified_time":"2026-03-26T13:35:55+00:00","og_image":[{"width":1024,"height":499,"url":"https:\/\/admjc38.org\/wp-content\/uploads\/2024\/11\/mjc-de-france-1024x499-1.jpg","type":"image\/jpeg"}],"twitter_card":"summary_large_image","twitter_misc":{"Dur\u00e9e de lecture estim\u00e9e":"5 minutes"},"schema":{"@context":"https:\/\/schema.org","@graph":[{"@type":"WebPage","@id":"https:\/\/admjc38.org\/index.php\/mjc-de-france\/","url":"https:\/\/admjc38.org\/index.php\/mjc-de-france\/","name":"MJC de France - AD MJC 38","isPartOf":{"@id":"https:\/\/admjc38.org\/#website"},"primaryImageOfPage":{"@id":"https:\/\/admjc38.org\/index.php\/mjc-de-france\/#primaryimage"},"image":{"@id":"https:\/\/admjc38.org\/index.php\/mjc-de-france\/#primaryimage"},"thumbnailUrl":"http:\/\/admjc38.org\/wp-content\/uploads\/2024\/11\/mjc-de-france-1024x499-1-768x374.jpg","datePublished":"2024-11-25T15:56:34+00:00","dateModified":"2026-03-26T13:35:55+00:00","description":"D\u00e9couvrez toutes les MJC de France pr\u00e9sente sur tout le territoire, \u00e9v\u00e9nements, rencontres, projets collectifs et initiatives locales","breadcrumb":{"@id":"https:\/\/admjc38.org\/index.php\/mjc-de-france\/#breadcrumb"},"inLanguage":"fr-FR","potentialAction":[{"@type":"ReadAction","target":["https:\/\/admjc38.org\/index.php\/mjc-de-france\/"]}]},{"@type":"ImageObject","inLanguage":"fr-FR","@id":"https:\/\/admjc38.org\/index.php\/mjc-de-france\/#primaryimage","url":"http:\/\/admjc38.org\/wp-content\/uploads\/2024\/11\/mjc-de-france-1024x499-1-768x374.jpg","contentUrl":"http:\/\/admjc38.org\/wp-content\/uploads\/2024\/11\/mjc-de-france-1024x499-1-768x374.jpg"},{"@type":"BreadcrumbList","@id":"https:\/\/admjc38.org\/index.php\/mjc-de-france\/#breadcrumb","itemListElement":[{"@type":"ListItem","position":1,"name":"Accueil","item":"https:\/\/admjc38.org\/"},{"@type":"ListItem","position":2,"name":"MJC de France"}]},{"@type":"WebSite","@id":"https:\/\/admjc38.org\/#website","url":"https:\/\/admjc38.org\/","name":"AD MJC 38","description":"Le site des Maisons des Jeunes et de la Culture de l\u2019Is\u00e8re\u00a0","publisher":{"@id":"https:\/\/admjc38.org\/#organization"},"potentialAction":[{"@type":"SearchAction","target":{"@type":"EntryPoint","urlTemplate":"https:\/\/admjc38.org\/?s={search_term_string}"},"query-input":{"@type":"PropertyValueSpecification","valueRequired":true,"valueName":"search_term_string"}}],"inLanguage":"fr-FR"},{"@type":"Organization","@id":"https:\/\/admjc38.org\/#organization","name":"Association D\u00e9partementale des Maisons des Jeunes et de la Culture de l'Is\u00e8re","url":"https:\/\/admjc38.org\/","logo":{"@type":"ImageObject","inLanguage":"fr-FR","@id":"https:\/\/admjc38.org\/#\/schema\/logo\/image\/","url":"https:\/\/admjc38.org\/wp-content\/uploads\/2024\/01\/Logo-AD-MJC-38.png","contentUrl":"https:\/\/admjc38.org\/wp-content\/uploads\/2024\/01\/Logo-AD-MJC-38.png","width":441,"height":701,"caption":"Association D\u00e9partementale des Maisons des Jeunes et de la Culture de l'Is\u00e8re"},"image":{"@id":"https:\/\/admjc38.org\/#\/schema\/logo\/image\/"}}]}},"_links":{"self":[{"href":"https:\/\/admjc38.org\/index.php\/wp-json\/wp\/v2\/pages\/304","targetHints":{"allow":["GET"]}}],"collection":[{"href":"https:\/\/admjc38.org\/index.php\/wp-json\/wp\/v2\/pages"}],"about":[{"href":"https:\/\/admjc38.org\/index.php\/wp-json\/wp\/v2\/types\/page"}],"author":[{"embeddable":true,"href":"https:\/\/admjc38.org\/index.php\/wp-json\/wp\/v2\/users\/2"}],"replies":[{"embeddable":true,"href":"https:\/\/admjc38.org\/index.php\/wp-json\/wp\/v2\/comments?post=304"}],"version-history":[{"count":55,"href":"https:\/\/admjc38.org\/index.php\/wp-json\/wp\/v2\/pages\/304\/revisions"}],"predecessor-version":[{"id":995,"href":"https:\/\/admjc38.org\/index.php\/wp-json\/wp\/v2\/pages\/304\/revisions\/995"}],"wp:attachment":[{"href":"https:\/\/admjc38.org\/index.php\/wp-json\/wp\/v2\/media?parent=304"}],"curies":[{"name":"wp","href":"https:\/\/api.w.org\/{rel}","templated":true}]}}