{"id":33,"date":"2024-01-06T19:02:10","date_gmt":"2024-01-06T18:02:10","guid":{"rendered":"https:\/\/admjc38.org\/?page_id=33"},"modified":"2025-09-17T16:02:55","modified_gmt":"2025-09-17T14:02:55","slug":"mjc-adherentes","status":"publish","type":"page","link":"https:\/\/admjc38.org\/index.php\/mjc-adherentes\/","title":{"rendered":"MJC Adh\u00e9rentes"},"content":{"rendered":"\t\t<div data-elementor-type=\"wp-page\" data-elementor-id=\"33\" class=\"elementor elementor-33\" data-elementor-post-type=\"page\">\n\t\t\t\t<div class=\"elementor-element elementor-element-7453a68 e-flex e-con-boxed e-con e-parent\" data-id=\"7453a68\" data-element_type=\"container\">\n\t\t\t\t\t<div class=\"e-con-inner\">\n\t\t\t\t<div class=\"elementor-element elementor-element-9f4b7cd elementor-widget elementor-widget-heading\" data-id=\"9f4b7cd\" data-element_type=\"widget\" data-widget_type=\"heading.default\">\n\t\t\t\t<div class=\"elementor-widget-container\">\n\t\t\t<h1 class=\"elementor-heading-title elementor-size-default\">MJC et MPT adh\u00e9rentes<\/h1>\t\t<\/div>\n\t\t\t\t<\/div>\n\t\t\t\t\t<\/div>\n\t\t\t\t<\/div>\n\t\t<div class=\"elementor-element elementor-element-6f0a0da e-flex e-con-boxed e-con e-parent\" data-id=\"6f0a0da\" data-element_type=\"container\">\n\t\t\t\t\t<div class=\"e-con-inner\">\n\t\t\t\t<div class=\"elementor-element elementor-element-e39977c elementor-widget-divider--view-line elementor-widget elementor-widget-divider\" data-id=\"e39977c\" data-element_type=\"widget\" data-widget_type=\"divider.default\">\n\t\t\t\t<div class=\"elementor-widget-container\">\n\t\t\t\t\t<div class=\"elementor-divider\">\n\t\t\t<span class=\"elementor-divider-separator\">\n\t\t\t\t\t\t<\/span>\n\t\t<\/div>\n\t\t\t\t<\/div>\n\t\t\t\t<\/div>\n\t\t\t\t<div class=\"elementor-element elementor-element-fa284ce elementor-widget elementor-widget-image\" data-id=\"fa284ce\" data-element_type=\"widget\" data-widget_type=\"image.default\">\n\t\t\t\t<div class=\"elementor-widget-container\">\n\t\t\t\t\t\t\t\t\t\t\t\t\t<img decoding=\"async\" src=\"https:\/\/admjc38.org\/wp-content\/uploads\/2025\/09\/tableau.jpg\" class=\"attachment-full size-full wp-image-706\" alt=\"\" \/>\t\t\t\t\t\t\t\t\t\t\t\t\t<\/div>\n\t\t\t\t<\/div>\n\t\t\t\t\t<\/div>\n\t\t\t\t<\/div>\n\t\t<div class=\"elementor-element elementor-element-cf1ff0d e-flex e-con-boxed e-con e-parent\" data-id=\"cf1ff0d\" data-element_type=\"container\">\n\t\t\t\t\t<div class=\"e-con-inner\">\n\t\t<div class=\"elementor-element elementor-element-eedd532 e-con-full e-flex e-con e-child\" data-id=\"eedd532\" data-element_type=\"container\">\n\t\t\t\t<div class=\"elementor-element elementor-element-9471d80 elementor-widget elementor-widget-heading\" data-id=\"9471d80\" data-element_type=\"widget\" data-widget_type=\"heading.default\">\n\t\t\t\t<div class=\"elementor-widget-container\">\n\t\t\t<h2 class=\"elementor-heading-title elementor-size-default\">O\u00f9 nous trouver ?<\/h2>\t\t<\/div>\n\t\t\t\t<\/div>\n\t\t\t\t<div class=\"elementor-element elementor-element-3b117e8 elementor-widget elementor-widget-text-editor\" data-id=\"3b117e8\" data-element_type=\"widget\" data-widget_type=\"text-editor.default\">\n\t\t\t\t<div class=\"elementor-widget-container\">\n\t\t\t\t\t\t\t<p>Nos MJC sont implant\u00e9es dans tout le d\u00e9partement de l\u2019Is\u00e8re.<\/p><p>R\u00e9partition des Maisons sur notre territoire :<\/p>\t\t\t\t\t\t<\/div>\n\t\t\t\t<\/div>\n\t\t<div class=\"elementor-element elementor-element-232947e e-con-full e-flex e-con e-child\" data-id=\"232947e\" data-element_type=\"container\">\n\t\t\t\t<div class=\"elementor-element elementor-element-9bcfd7a elementor-widget elementor-widget-text-editor\" data-id=\"9bcfd7a\" data-element_type=\"widget\" data-widget_type=\"text-editor.default\">\n\t\t\t\t<div class=\"elementor-widget-container\">\n\t\t\t\t\t\t\t<!-- wp:html -->\n<p><iframe src=\"\/\/umap.openstreetmap.fr\/fr\/map\/mjc-mpt-38_1132063#9\/45.3993\/5.1965\" width=\"800px\" height=\"600px\" frameborder=\"0\" allowfullscreen=\"allowfullscreen\"><span style=\"display: inline-block; width: 0px; overflow: hidden; line-height: 0;\" data-mce-type=\"bookmark\" class=\"mce_SELRES_start\">\ufeff<\/span><span style=\"display: inline-block; width: 0px; overflow: hidden; line-height: 0;\" data-mce-type=\"bookmark\" class=\"mce_SELRES_start\">\ufeff<\/span><span style=\"display: inline-block; width: 0px; overflow: hidden; line-height: 0;\" data-mce-type=\"bookmark\" class=\"mce_SELRES_start\">\ufeff<\/span><span style=\"display: inline-block; width: 0px; overflow: hidden; line-height: 0;\" data-mce-type=\"bookmark\" class=\"mce_SELRES_start\">\ufeff<\/span><span style=\"display: inline-block; width: 0px; overflow: hidden; line-height: 0;\" data-mce-type=\"bookmark\" class=\"mce_SELRES_start\">\ufeff<\/span><span style=\"display: inline-block; width: 0px; overflow: hidden; line-height: 0;\" data-mce-type=\"bookmark\" class=\"mce_SELRES_start\">\ufeff<\/span><\/iframe><\/p>\n<!-- \/wp:html -->\t\t\t\t\t\t<\/div>\n\t\t\t\t<\/div>\n\t\t\t\t<\/div>\n\t\t\t\t<\/div>\n\t\t\t\t\t<\/div>\n\t\t\t\t<\/div>\n\t\t<div class=\"elementor-element elementor-element-979c787 e-flex e-con-boxed e-con e-parent\" data-id=\"979c787\" data-element_type=\"container\">\n\t\t\t\t\t<div class=\"e-con-inner\">\n\t\t\t\t<div class=\"elementor-element elementor-element-7b14620 elementor-align-center elementor-widget elementor-widget-button\" data-id=\"7b14620\" data-element_type=\"widget\" data-widget_type=\"button.default\">\n\t\t\t\t<div class=\"elementor-widget-container\">\n\t\t\t\t\t\t\t<div class=\"elementor-button-wrapper\">\n\t\t\t\t\t<a class=\"elementor-button elementor-button-link elementor-size-sm\" href=\"https:\/\/admjc38.org\/index.php\/contact\/\">\n\t\t\t\t\t\t<span class=\"elementor-button-content-wrapper\">\n\t\t\t\t\t\t\t\t\t<span class=\"elementor-button-text\">Nous contacter<\/span>\n\t\t\t\t\t<\/span>\n\t\t\t\t\t<\/a>\n\t\t\t\t<\/div>\n\t\t\t\t\t\t<\/div>\n\t\t\t\t<\/div>\n\t\t\t\t\t<\/div>\n\t\t\t\t<\/div>\n\t\t\t\t<\/div>\n\t\t","protected":false},"excerpt":{"rendered":"<p>MJC et MPT adh\u00e9rentes O\u00f9 nous trouver ? Nos MJC sont implant\u00e9es dans tout le d\u00e9partement de l\u2019Is\u00e8re. R\u00e9partition des Maisons sur [&hellip;]<\/p>\n","protected":false},"author":1,"featured_media":0,"parent":0,"menu_order":0,"comment_status":"closed","ping_status":"closed","template":"page-templates\/page_fullwidth.php","meta":{"footnotes":""},"class_list":["post-33","page","type-page","status-publish","hentry"],"yoast_head":"<!-- This site is optimized with the Yoast SEO plugin v24.8 - https:\/\/yoast.com\/wordpress\/plugins\/seo\/ -->\n<title>MJC Adh\u00e9rentes - AD MJC 38<\/title>\n<meta name=\"description\" content=\"Nos MJC adh\u00e9rentes constituent le c\u0153ur de l\u2019AD MJC 38. Des lieux de culture, de jeunesse et de citoyennet\u00e9.\" \/>\n<meta name=\"robots\" content=\"index, follow, max-snippet:-1, max-image-preview:large, max-video-preview:-1\" \/>\n<link rel=\"canonical\" href=\"https:\/\/admjc38.org\/index.php\/mjc-adherentes\/\" \/>\n<meta property=\"og:locale\" content=\"fr_FR\" \/>\n<meta property=\"og:type\" content=\"article\" \/>\n<meta property=\"og:title\" content=\"MJC Adh\u00e9rentes - AD MJC 38\" \/>\n<meta property=\"og:description\" content=\"Nos MJC adh\u00e9rentes constituent le c\u0153ur de l\u2019AD MJC 38. Des lieux de culture, de jeunesse et de citoyennet\u00e9.\" \/>\n<meta property=\"og:url\" content=\"https:\/\/admjc38.org\/index.php\/mjc-adherentes\/\" \/>\n<meta property=\"og:site_name\" content=\"AD MJC 38\" \/>\n<meta property=\"article:modified_time\" content=\"2025-09-17T14:02:55+00:00\" \/>\n<meta property=\"og:image\" content=\"https:\/\/admjc38.org\/wp-content\/uploads\/2025\/09\/tableau.jpg\" \/>\n\t<meta property=\"og:image:width\" content=\"1\" \/>\n\t<meta property=\"og:image:height\" content=\"1\" \/>\n\t<meta property=\"og:image:type\" content=\"image\/jpeg\" \/>\n<meta name=\"twitter:card\" content=\"summary_large_image\" \/>\n<meta name=\"twitter:label1\" content=\"Dur\u00e9e de lecture estim\u00e9e\" \/>\n\t<meta name=\"twitter:data1\" content=\"1 minute\" \/>\n<script type=\"application\/ld+json\" class=\"yoast-schema-graph\">{\"@context\":\"https:\/\/schema.org\",\"@graph\":[{\"@type\":\"WebPage\",\"@id\":\"https:\/\/admjc38.org\/index.php\/mjc-adherentes\/\",\"url\":\"https:\/\/admjc38.org\/index.php\/mjc-adherentes\/\",\"name\":\"MJC Adh\u00e9rentes - AD MJC 38\",\"isPartOf\":{\"@id\":\"https:\/\/admjc38.org\/#website\"},\"primaryImageOfPage\":{\"@id\":\"https:\/\/admjc38.org\/index.php\/mjc-adherentes\/#primaryimage\"},\"image\":{\"@id\":\"https:\/\/admjc38.org\/index.php\/mjc-adherentes\/#primaryimage\"},\"thumbnailUrl\":\"http:\/\/admjc38.org\/wp-content\/uploads\/2025\/09\/tableau.jpg\",\"datePublished\":\"2024-01-06T18:02:10+00:00\",\"dateModified\":\"2025-09-17T14:02:55+00:00\",\"description\":\"Nos MJC adh\u00e9rentes constituent le c\u0153ur de l\u2019AD MJC 38. Des lieux de culture, de jeunesse et de citoyennet\u00e9.\",\"breadcrumb\":{\"@id\":\"https:\/\/admjc38.org\/index.php\/mjc-adherentes\/#breadcrumb\"},\"inLanguage\":\"fr-FR\",\"potentialAction\":[{\"@type\":\"ReadAction\",\"target\":[\"https:\/\/admjc38.org\/index.php\/mjc-adherentes\/\"]}]},{\"@type\":\"ImageObject\",\"inLanguage\":\"fr-FR\",\"@id\":\"https:\/\/admjc38.org\/index.php\/mjc-adherentes\/#primaryimage\",\"url\":\"https:\/\/admjc38.org\/wp-content\/uploads\/2025\/09\/tableau.jpg\",\"contentUrl\":\"https:\/\/admjc38.org\/wp-content\/uploads\/2025\/09\/tableau.jpg\"},{\"@type\":\"BreadcrumbList\",\"@id\":\"https:\/\/admjc38.org\/index.php\/mjc-adherentes\/#breadcrumb\",\"itemListElement\":[{\"@type\":\"ListItem\",\"position\":1,\"name\":\"Accueil\",\"item\":\"https:\/\/admjc38.org\/\"},{\"@type\":\"ListItem\",\"position\":2,\"name\":\"MJC Adh\u00e9rentes\"}]},{\"@type\":\"WebSite\",\"@id\":\"https:\/\/admjc38.org\/#website\",\"url\":\"https:\/\/admjc38.org\/\",\"name\":\"AD MJC 38\",\"description\":\"Le site des Maisons des Jeunes et de la Culture de l\u2019Is\u00e8re\u00a0\",\"publisher\":{\"@id\":\"https:\/\/admjc38.org\/#organization\"},\"potentialAction\":[{\"@type\":\"SearchAction\",\"target\":{\"@type\":\"EntryPoint\",\"urlTemplate\":\"https:\/\/admjc38.org\/?s={search_term_string}\"},\"query-input\":{\"@type\":\"PropertyValueSpecification\",\"valueRequired\":true,\"valueName\":\"search_term_string\"}}],\"inLanguage\":\"fr-FR\"},{\"@type\":\"Organization\",\"@id\":\"https:\/\/admjc38.org\/#organization\",\"name\":\"Association D\u00e9partementale des Maisons des Jeunes et de la Culture de l'Is\u00e8re\",\"url\":\"https:\/\/admjc38.org\/\",\"logo\":{\"@type\":\"ImageObject\",\"inLanguage\":\"fr-FR\",\"@id\":\"https:\/\/admjc38.org\/#\/schema\/logo\/image\/\",\"url\":\"https:\/\/admjc38.org\/wp-content\/uploads\/2024\/01\/Logo-AD-MJC-38.png\",\"contentUrl\":\"https:\/\/admjc38.org\/wp-content\/uploads\/2024\/01\/Logo-AD-MJC-38.png\",\"width\":441,\"height\":701,\"caption\":\"Association D\u00e9partementale des Maisons des Jeunes et de la Culture de l'Is\u00e8re\"},\"image\":{\"@id\":\"https:\/\/admjc38.org\/#\/schema\/logo\/image\/\"}}]}<\/script>\n<!-- \/ Yoast SEO plugin. -->","yoast_head_json":{"title":"MJC Adh\u00e9rentes - AD MJC 38","description":"Nos MJC adh\u00e9rentes constituent le c\u0153ur de l\u2019AD MJC 38. Des lieux de culture, de jeunesse et de citoyennet\u00e9.","robots":{"index":"index","follow":"follow","max-snippet":"max-snippet:-1","max-image-preview":"max-image-preview:large","max-video-preview":"max-video-preview:-1"},"canonical":"https:\/\/admjc38.org\/index.php\/mjc-adherentes\/","og_locale":"fr_FR","og_type":"article","og_title":"MJC Adh\u00e9rentes - AD MJC 38","og_description":"Nos MJC adh\u00e9rentes constituent le c\u0153ur de l\u2019AD MJC 38. Des lieux de culture, de jeunesse et de citoyennet\u00e9.","og_url":"https:\/\/admjc38.org\/index.php\/mjc-adherentes\/","og_site_name":"AD MJC 38","article_modified_time":"2025-09-17T14:02:55+00:00","og_image":[{"url":"https:\/\/admjc38.org\/wp-content\/uploads\/2025\/09\/tableau.jpg","width":1,"height":1,"type":"image\/jpeg"}],"twitter_card":"summary_large_image","twitter_misc":{"Dur\u00e9e de lecture estim\u00e9e":"1 minute"},"schema":{"@context":"https:\/\/schema.org","@graph":[{"@type":"WebPage","@id":"https:\/\/admjc38.org\/index.php\/mjc-adherentes\/","url":"https:\/\/admjc38.org\/index.php\/mjc-adherentes\/","name":"MJC Adh\u00e9rentes - AD MJC 38","isPartOf":{"@id":"https:\/\/admjc38.org\/#website"},"primaryImageOfPage":{"@id":"https:\/\/admjc38.org\/index.php\/mjc-adherentes\/#primaryimage"},"image":{"@id":"https:\/\/admjc38.org\/index.php\/mjc-adherentes\/#primaryimage"},"thumbnailUrl":"http:\/\/admjc38.org\/wp-content\/uploads\/2025\/09\/tableau.jpg","datePublished":"2024-01-06T18:02:10+00:00","dateModified":"2025-09-17T14:02:55+00:00","description":"Nos MJC adh\u00e9rentes constituent le c\u0153ur de l\u2019AD MJC 38. Des lieux de culture, de jeunesse et de citoyennet\u00e9.","breadcrumb":{"@id":"https:\/\/admjc38.org\/index.php\/mjc-adherentes\/#breadcrumb"},"inLanguage":"fr-FR","potentialAction":[{"@type":"ReadAction","target":["https:\/\/admjc38.org\/index.php\/mjc-adherentes\/"]}]},{"@type":"ImageObject","inLanguage":"fr-FR","@id":"https:\/\/admjc38.org\/index.php\/mjc-adherentes\/#primaryimage","url":"https:\/\/admjc38.org\/wp-content\/uploads\/2025\/09\/tableau.jpg","contentUrl":"https:\/\/admjc38.org\/wp-content\/uploads\/2025\/09\/tableau.jpg"},{"@type":"BreadcrumbList","@id":"https:\/\/admjc38.org\/index.php\/mjc-adherentes\/#breadcrumb","itemListElement":[{"@type":"ListItem","position":1,"name":"Accueil","item":"https:\/\/admjc38.org\/"},{"@type":"ListItem","position":2,"name":"MJC Adh\u00e9rentes"}]},{"@type":"WebSite","@id":"https:\/\/admjc38.org\/#website","url":"https:\/\/admjc38.org\/","name":"AD MJC 38","description":"Le site des Maisons des Jeunes et de la Culture de l\u2019Is\u00e8re\u00a0","publisher":{"@id":"https:\/\/admjc38.org\/#organization"},"potentialAction":[{"@type":"SearchAction","target":{"@type":"EntryPoint","urlTemplate":"https:\/\/admjc38.org\/?s={search_term_string}"},"query-input":{"@type":"PropertyValueSpecification","valueRequired":true,"valueName":"search_term_string"}}],"inLanguage":"fr-FR"},{"@type":"Organization","@id":"https:\/\/admjc38.org\/#organization","name":"Association D\u00e9partementale des Maisons des Jeunes et de la Culture de l'Is\u00e8re","url":"https:\/\/admjc38.org\/","logo":{"@type":"ImageObject","inLanguage":"fr-FR","@id":"https:\/\/admjc38.org\/#\/schema\/logo\/image\/","url":"https:\/\/admjc38.org\/wp-content\/uploads\/2024\/01\/Logo-AD-MJC-38.png","contentUrl":"https:\/\/admjc38.org\/wp-content\/uploads\/2024\/01\/Logo-AD-MJC-38.png","width":441,"height":701,"caption":"Association D\u00e9partementale des Maisons des Jeunes et de la Culture de l'Is\u00e8re"},"image":{"@id":"https:\/\/admjc38.org\/#\/schema\/logo\/image\/"}}]}},"_links":{"self":[{"href":"https:\/\/admjc38.org\/index.php\/wp-json\/wp\/v2\/pages\/33","targetHints":{"allow":["GET"]}}],"collection":[{"href":"https:\/\/admjc38.org\/index.php\/wp-json\/wp\/v2\/pages"}],"about":[{"href":"https:\/\/admjc38.org\/index.php\/wp-json\/wp\/v2\/types\/page"}],"author":[{"embeddable":true,"href":"https:\/\/admjc38.org\/index.php\/wp-json\/wp\/v2\/users\/1"}],"replies":[{"embeddable":true,"href":"https:\/\/admjc38.org\/index.php\/wp-json\/wp\/v2\/comments?post=33"}],"version-history":[{"count":97,"href":"https:\/\/admjc38.org\/index.php\/wp-json\/wp\/v2\/pages\/33\/revisions"}],"predecessor-version":[{"id":736,"href":"https:\/\/admjc38.org\/index.php\/wp-json\/wp\/v2\/pages\/33\/revisions\/736"}],"wp:attachment":[{"href":"https:\/\/admjc38.org\/index.php\/wp-json\/wp\/v2\/media?parent=33"}],"curies":[{"name":"wp","href":"https:\/\/api.w.org\/{rel}","templated":true}]}}